{"id":3360,"date":"2025-05-24T16:59:27","date_gmt":"2025-05-24T16:59:27","guid":{"rendered":"https:\/\/weddingsbydviaje.com\/?page_id=3360"},"modified":"2025-05-24T17:02:36","modified_gmt":"2025-05-24T17:02:36","slug":"destinos-ixtapa","status":"publish","type":"page","link":"https:\/\/tubodadviaje.com\/en\/destinos-ixtapa\/","title":{"rendered":"DESTINOS IXTAPA"},"content":{"rendered":"<div data-elementor-type=\"wp-page\" data-elementor-id=\"3360\" class=\"elementor elementor-3360\">\n\t\t\t\t<div class=\"elementor-element elementor-element-ltncemc e-flex e-con-boxed e-con e-parent\" data-id=\"ltncemc\" data-element_type=\"container\" data-settings=\"{&quot;background_background&quot;:&quot;classic&quot;}\">\n\t\t\t\t\t<div class=\"e-con-inner\">\n\t\t<div class=\"elementor-element elementor-element-6c32ff7 e-flex e-con-boxed e-con e-child\" data-id=\"6c32ff7\" data-element_type=\"container\">\n\t\t\t\t\t<div class=\"e-con-inner\">\n\t\t\t\t\t<\/div>\n\t\t\t\t<\/div>\n\t\t\t\t\t<\/div>\n\t\t\t\t<\/div>\n\t\t<div class=\"elementor-element elementor-element-647b3bd e-flex e-con-boxed e-con e-parent\" data-id=\"647b3bd\" data-element_type=\"container\" data-settings=\"{&quot;background_background&quot;:&quot;classic&quot;}\">\n\t\t\t\t\t<div class=\"e-con-inner\">\n\t\t<div class=\"elementor-element elementor-element-aaf6aad e-con-full e-flex e-con e-child\" data-id=\"aaf6aad\" data-element_type=\"container\">\n\t\t\t\t<div class=\"elementor-element elementor-element-c65ec61 elementor-widget elementor-widget-image\" data-id=\"c65ec61\" data-element_type=\"widget\" data-widget_type=\"image.default\">\n\t\t\t\t<div class=\"elementor-widget-container\">\n\t\t\t\t\t\t\t\t\t\t\t\t\t<img fetchpriority=\"high\" decoding=\"async\" width=\"2560\" height=\"1707\" src=\"https:\/\/tubodadviaje.com\/wp-content\/uploads\/2025\/05\/311A2626-scaled.jpg\" class=\"attachment-full size-full wp-image-3362\" alt=\"\" srcset=\"https:\/\/tubodadviaje.com\/wp-content\/uploads\/2025\/05\/311A2626-scaled.jpg 2560w, https:\/\/tubodadviaje.com\/wp-content\/uploads\/2025\/05\/311A2626-300x200.jpg 300w, https:\/\/tubodadviaje.com\/wp-content\/uploads\/2025\/05\/311A2626-1024x683.jpg 1024w, https:\/\/tubodadviaje.com\/wp-content\/uploads\/2025\/05\/311A2626-768x512.jpg 768w, https:\/\/tubodadviaje.com\/wp-content\/uploads\/2025\/05\/311A2626-1536x1024.jpg 1536w, https:\/\/tubodadviaje.com\/wp-content\/uploads\/2025\/05\/311A2626-2048x1365.jpg 2048w, https:\/\/tubodadviaje.com\/wp-content\/uploads\/2025\/05\/311A2626-18x12.jpg 18w\" sizes=\"(max-width: 2560px) 100vw, 2560px\" \/>\t\t\t\t\t\t\t\t\t\t\t\t\t<\/div>\n\t\t\t\t<\/div>\n\t\t\t\t<\/div>\n\t\t<div class=\"elementor-element elementor-element-495cb04 e-con-full e-flex e-con e-child\" data-id=\"495cb04\" data-element_type=\"container\">\n\t\t\t\t<div class=\"elementor-element elementor-element-01514f1 elementor-widget elementor-widget-heading\" data-id=\"01514f1\" data-element_type=\"widget\" data-widget_type=\"heading.default\">\n\t\t\t\t<div class=\"elementor-widget-container\">\n\t\t\t<h4 class=\"elementor-heading-title elementor-size-default\">Tesoro<\/h4>\t\t<\/div>\n\t\t\t\t<\/div>\n\t\t\t\t<div class=\"elementor-element elementor-element-3151f2f elementor-widget elementor-widget-text-editor\" data-id=\"3151f2f\" data-element_type=\"widget\" data-widget_type=\"text-editor.default\">\n\t\t\t\t<div class=\"elementor-widget-container\">\n\t\t\t\t\t\t\t<p data-start=\"112\" data-end=\"518\">Celebrate the most important day of your life by the sea, surrounded by warm sunshine, the Pacific breeze, and breathtaking views of El Palmar Bay. At Tesoro Ixtapa Hotel, every detail is designed to make your wedding as unique as your love story. With customizable packages and the tropical charm of the destination, your celebration will be unforgettable in a truly spectacular setting.<\/p><p data-start=\"522\" data-end=\"573\"><strong data-start=\"522\" data-end=\"573\">Make your dream beach wedding a reality.<\/strong><\/p>\t\t\t\t\t\t<\/div>\n\t\t\t\t<\/div>\n\t\t\t\t<div class=\"elementor-element elementor-element-5724ee0 elementor-widget elementor-widget-text-editor\" data-id=\"5724ee0\" data-element_type=\"widget\" data-widget_type=\"text-editor.default\">\n\t\t\t\t<div class=\"elementor-widget-container\">\n\t\t\t\t\t\t\t<p><strong>What's Included?<\/strong><\/p>\t\t\t\t\t\t<\/div>\n\t\t\t\t<\/div>\n\t\t<div class=\"elementor-element elementor-element-3ed1848 e-con-full e-flex e-con e-child\" data-id=\"3ed1848\" data-element_type=\"container\">\n\t\t\t\t<div class=\"elementor-element elementor-element-2f2d8b2 gallery-spacing-custom elementor-widget elementor-widget-image-gallery\" data-id=\"2f2d8b2\" data-element_type=\"widget\" data-widget_type=\"image-gallery.default\">\n\t\t\t\t<div class=\"elementor-widget-container\">\n\t\t\t\t\t<div class=\"elementor-image-gallery\">\n\t\t\t<div id='gallery-1' class='gallery galleryid-3360 gallery-columns-7 gallery-size-thumbnail'><figure class='gallery-item'>\n\t\t\t<div class='gallery-icon landscape'>\n\t\t\t\t<a data-elementor-open-lightbox=\"yes\" data-elementor-lightbox-slideshow=\"2f2d8b2\" data-elementor-lightbox-title=\"w1.2\" data-e-action-hash=\"#elementor-action%3Aaction%3Dlightbox%26settings%3DeyJpZCI6MjQ0MCwidXJsIjoiaHR0cHM6XC9cL3R1Ym9kYWR2aWFqZS5jb21cL3dwLWNvbnRlbnRcL3VwbG9hZHNcLzIwMjRcLzEyXC93MS4yLnBuZyIsInNsaWRlc2hvdyI6IjJmMmQ4YjIifQ%3D%3D\" href='https:\/\/tubodadviaje.com\/wp-content\/uploads\/2024\/12\/w1.2.png' data-no-translation=\"\" data-no-auto-translation=\"\"><img decoding=\"async\" width=\"150\" height=\"150\" src=\"https:\/\/tubodadviaje.com\/wp-content\/uploads\/2024\/12\/w1.2-150x150.png\" class=\"attachment-thumbnail size-thumbnail\" alt=\"\" aria-describedby=\"gallery-1-2440\" srcset=\"https:\/\/tubodadviaje.com\/wp-content\/uploads\/2024\/12\/w1.2-150x150.png 150w, https:\/\/tubodadviaje.com\/wp-content\/uploads\/2024\/12\/w1.2-300x300.png 300w, https:\/\/tubodadviaje.com\/wp-content\/uploads\/2024\/12\/w1.2-1024x1024.png 1024w, https:\/\/tubodadviaje.com\/wp-content\/uploads\/2024\/12\/w1.2-768x767.png 768w, https:\/\/tubodadviaje.com\/wp-content\/uploads\/2024\/12\/w1.2.png 1416w\" sizes=\"(max-width: 150px) 100vw, 150px\" \/><\/a>\n\t\t\t<\/div>\n\t\t\t\t<figcaption class='wp-caption-text gallery-caption' id='gallery-1-2440'>\n\t\t\t\tBODA GRATIS\n\t\t\t\t<\/figcaption><\/figure><figure class='gallery-item'>\n\t\t\t<div class='gallery-icon landscape'>\n\t\t\t\t<a data-elementor-open-lightbox=\"yes\" data-elementor-lightbox-slideshow=\"2f2d8b2\" data-elementor-lightbox-title=\"ceremonia\" data-e-action-hash=\"#elementor-action%3Aaction%3Dlightbox%26settings%3DeyJpZCI6MjcyMiwidXJsIjoiaHR0cHM6XC9cL3R1Ym9kYWR2aWFqZS5jb21cL3dwLWNvbnRlbnRcL3VwbG9hZHNcLzIwMjVcLzAxXC9jZXJlbW9uaWEucG5nIiwic2xpZGVzaG93IjoiMmYyZDhiMiJ9\" href='https:\/\/tubodadviaje.com\/wp-content\/uploads\/2025\/01\/ceremonia.png' data-no-translation=\"\" data-no-auto-translation=\"\"><img decoding=\"async\" width=\"150\" height=\"150\" src=\"https:\/\/tubodadviaje.com\/wp-content\/uploads\/2025\/01\/ceremonia-150x150.png\" class=\"attachment-thumbnail size-thumbnail\" alt=\"\" aria-describedby=\"gallery-1-2722\" srcset=\"https:\/\/tubodadviaje.com\/wp-content\/uploads\/2025\/01\/ceremonia-150x150.png 150w, https:\/\/tubodadviaje.com\/wp-content\/uploads\/2025\/01\/ceremonia-300x300.png 300w, https:\/\/tubodadviaje.com\/wp-content\/uploads\/2025\/01\/ceremonia-1024x1024.png 1024w, https:\/\/tubodadviaje.com\/wp-content\/uploads\/2025\/01\/ceremonia-768x767.png 768w, https:\/\/tubodadviaje.com\/wp-content\/uploads\/2025\/01\/ceremonia.png 1416w\" sizes=\"(max-width: 150px) 100vw, 150px\" \/><\/a>\n\t\t\t<\/div>\n\t\t\t\t<figcaption class='wp-caption-text gallery-caption' id='gallery-1-2722'>\n\t\t\t\tCEREMONIA\n\t\t\t\t<\/figcaption><\/figure><figure class='gallery-item'>\n\t\t\t<div class='gallery-icon portrait'>\n\t\t\t\t<a data-elementor-open-lightbox=\"yes\" data-elementor-lightbox-slideshow=\"2f2d8b2\" data-elementor-lightbox-title=\"BANQUETE\" data-e-action-hash=\"#elementor-action%3Aaction%3Dlightbox%26settings%3DeyJpZCI6MjcyMywidXJsIjoiaHR0cHM6XC9cL3R1Ym9kYWR2aWFqZS5jb21cL3dwLWNvbnRlbnRcL3VwbG9hZHNcLzIwMjVcLzAxXC9CQU5RVUVURS5wbmciLCJzbGlkZXNob3ciOiIyZjJkOGIyIn0%3D\" href='https:\/\/tubodadviaje.com\/wp-content\/uploads\/2025\/01\/BANQUETE.png' data-no-translation=\"\" data-no-auto-translation=\"\"><img loading=\"lazy\" decoding=\"async\" width=\"150\" height=\"150\" src=\"https:\/\/tubodadviaje.com\/wp-content\/uploads\/2025\/01\/BANQUETE-150x150.png\" class=\"attachment-thumbnail size-thumbnail\" alt=\"\" aria-describedby=\"gallery-1-2723\" srcset=\"https:\/\/tubodadviaje.com\/wp-content\/uploads\/2025\/01\/BANQUETE-150x150.png 150w, https:\/\/tubodadviaje.com\/wp-content\/uploads\/2025\/01\/BANQUETE-300x300.png 300w, https:\/\/tubodadviaje.com\/wp-content\/uploads\/2025\/01\/BANQUETE-1024x1024.png 1024w, https:\/\/tubodadviaje.com\/wp-content\/uploads\/2025\/01\/BANQUETE-768x769.png 768w, https:\/\/tubodadviaje.com\/wp-content\/uploads\/2025\/01\/BANQUETE.png 1415w\" sizes=\"(max-width: 150px) 100vw, 150px\" \/><\/a>\n\t\t\t<\/div>\n\t\t\t\t<figcaption class='wp-caption-text gallery-caption' id='gallery-1-2723'>\n\t\t\t\tBANQUETE\n\t\t\t\t<\/figcaption><\/figure><figure class='gallery-item'>\n\t\t\t<div class='gallery-icon landscape'>\n\t\t\t\t<a data-elementor-open-lightbox=\"yes\" data-elementor-lightbox-slideshow=\"2f2d8b2\" data-elementor-lightbox-title=\"W 6.2\" data-e-action-hash=\"#elementor-action%3Aaction%3Dlightbox%26settings%3DeyJpZCI6MjQ0NSwidXJsIjoiaHR0cHM6XC9cL3R1Ym9kYWR2aWFqZS5jb21cL3dwLWNvbnRlbnRcL3VwbG9hZHNcLzIwMjRcLzEyXC9XLTYuMi5wbmciLCJzbGlkZXNob3ciOiIyZjJkOGIyIn0%3D\" href='https:\/\/tubodadviaje.com\/wp-content\/uploads\/2024\/12\/W-6.2.png' data-no-translation=\"\" data-no-auto-translation=\"\"><img loading=\"lazy\" decoding=\"async\" width=\"150\" height=\"150\" src=\"https:\/\/tubodadviaje.com\/wp-content\/uploads\/2024\/12\/W-6.2-150x150.png\" class=\"attachment-thumbnail size-thumbnail\" alt=\"\" aria-describedby=\"gallery-1-2445\" srcset=\"https:\/\/tubodadviaje.com\/wp-content\/uploads\/2024\/12\/W-6.2-150x150.png 150w, https:\/\/tubodadviaje.com\/wp-content\/uploads\/2024\/12\/W-6.2-300x300.png 300w, https:\/\/tubodadviaje.com\/wp-content\/uploads\/2024\/12\/W-6.2-1024x1024.png 1024w, https:\/\/tubodadviaje.com\/wp-content\/uploads\/2024\/12\/W-6.2-768x768.png 768w, https:\/\/tubodadviaje.com\/wp-content\/uploads\/2024\/12\/W-6.2.png 1415w\" sizes=\"(max-width: 150px) 100vw, 150px\" \/><\/a>\n\t\t\t<\/div>\n\t\t\t\t<figcaption class='wp-caption-text gallery-caption' id='gallery-1-2445'>\n\t\t\t\tHAB. GRATIS\n\t\t\t\t<\/figcaption><\/figure><figure class='gallery-item'>\n\t\t\t<div class='gallery-icon landscape'>\n\t\t\t\t<a data-elementor-open-lightbox=\"yes\" data-elementor-lightbox-slideshow=\"2f2d8b2\" data-elementor-lightbox-title=\"W. PLANNER\" data-e-action-hash=\"#elementor-action%3Aaction%3Dlightbox%26settings%3DeyJpZCI6MjcyNCwidXJsIjoiaHR0cHM6XC9cL3R1Ym9kYWR2aWFqZS5jb21cL3dwLWNvbnRlbnRcL3VwbG9hZHNcLzIwMjVcLzAxXC9XLi1QTEFOTkVSLnBuZyIsInNsaWRlc2hvdyI6IjJmMmQ4YjIifQ%3D%3D\" href='https:\/\/tubodadviaje.com\/wp-content\/uploads\/2025\/01\/W.-PLANNER.png' data-no-translation=\"\" data-no-auto-translation=\"\"><img loading=\"lazy\" decoding=\"async\" width=\"150\" height=\"150\" src=\"https:\/\/tubodadviaje.com\/wp-content\/uploads\/2025\/01\/W.-PLANNER-150x150.png\" class=\"attachment-thumbnail size-thumbnail\" alt=\"\" aria-describedby=\"gallery-1-2724\" srcset=\"https:\/\/tubodadviaje.com\/wp-content\/uploads\/2025\/01\/W.-PLANNER-150x150.png 150w, https:\/\/tubodadviaje.com\/wp-content\/uploads\/2025\/01\/W.-PLANNER-300x300.png 300w, https:\/\/tubodadviaje.com\/wp-content\/uploads\/2025\/01\/W.-PLANNER-1024x1024.png 1024w, https:\/\/tubodadviaje.com\/wp-content\/uploads\/2025\/01\/W.-PLANNER-768x767.png 768w, https:\/\/tubodadviaje.com\/wp-content\/uploads\/2025\/01\/W.-PLANNER.png 1416w\" sizes=\"(max-width: 150px) 100vw, 150px\" \/><\/a>\n\t\t\t<\/div>\n\t\t\t\t<figcaption class='wp-caption-text gallery-caption' id='gallery-1-2724'>\n\t\t\t\tW. PLANNER\n\t\t\t\t<\/figcaption><\/figure><figure class='gallery-item'>\n\t\t\t<div class='gallery-icon landscape'>\n\t\t\t\t<a data-elementor-open-lightbox=\"yes\" data-elementor-lightbox-slideshow=\"2f2d8b2\" data-elementor-lightbox-title=\"W9.2\" data-e-action-hash=\"#elementor-action%3Aaction%3Dlightbox%26settings%3DeyJpZCI6MjQ1MCwidXJsIjoiaHR0cHM6XC9cL3R1Ym9kYWR2aWFqZS5jb21cL3dwLWNvbnRlbnRcL3VwbG9hZHNcLzIwMjRcLzEyXC9XOS4yLnBuZyIsInNsaWRlc2hvdyI6IjJmMmQ4YjIifQ%3D%3D\" href='https:\/\/tubodadviaje.com\/wp-content\/uploads\/2024\/12\/W9.2.png' data-no-translation=\"\" data-no-auto-translation=\"\"><img loading=\"lazy\" decoding=\"async\" width=\"150\" height=\"150\" src=\"https:\/\/tubodadviaje.com\/wp-content\/uploads\/2024\/12\/W9.2-150x150.png\" class=\"attachment-thumbnail size-thumbnail\" alt=\"\" aria-describedby=\"gallery-1-2450\" srcset=\"https:\/\/tubodadviaje.com\/wp-content\/uploads\/2024\/12\/W9.2-150x150.png 150w, https:\/\/tubodadviaje.com\/wp-content\/uploads\/2024\/12\/W9.2-300x300.png 300w, https:\/\/tubodadviaje.com\/wp-content\/uploads\/2024\/12\/W9.2-1024x1024.png 1024w, https:\/\/tubodadviaje.com\/wp-content\/uploads\/2024\/12\/W9.2-768x767.png 768w, https:\/\/tubodadviaje.com\/wp-content\/uploads\/2024\/12\/W9.2.png 1416w\" sizes=\"(max-width: 150px) 100vw, 150px\" \/><\/a>\n\t\t\t<\/div>\n\t\t\t\t<figcaption class='wp-caption-text gallery-caption' id='gallery-1-2450'>\n\t\t\t\tSAVE THE DATE\n\t\t\t\t<\/figcaption><\/figure><figure class='gallery-item'>\n\t\t\t<div class='gallery-icon landscape'>\n\t\t\t\t<a data-elementor-open-lightbox=\"yes\" data-elementor-lightbox-slideshow=\"2f2d8b2\" data-elementor-lightbox-title=\"W10.2\" data-e-action-hash=\"#elementor-action%3Aaction%3Dlightbox%26settings%3DeyJpZCI6MjQ1MiwidXJsIjoiaHR0cHM6XC9cL3R1Ym9kYWR2aWFqZS5jb21cL3dwLWNvbnRlbnRcL3VwbG9hZHNcLzIwMjRcLzEyXC9XMTAuMi5wbmciLCJzbGlkZXNob3ciOiIyZjJkOGIyIn0%3D\" href='https:\/\/tubodadviaje.com\/wp-content\/uploads\/2024\/12\/W10.2.png' data-no-translation=\"\" data-no-auto-translation=\"\"><img loading=\"lazy\" decoding=\"async\" width=\"150\" height=\"150\" src=\"https:\/\/tubodadviaje.com\/wp-content\/uploads\/2024\/12\/W10.2-150x150.png\" class=\"attachment-thumbnail size-thumbnail\" alt=\"\" aria-describedby=\"gallery-1-2452\" srcset=\"https:\/\/tubodadviaje.com\/wp-content\/uploads\/2024\/12\/W10.2-150x150.png 150w, https:\/\/tubodadviaje.com\/wp-content\/uploads\/2024\/12\/W10.2-300x300.png 300w, https:\/\/tubodadviaje.com\/wp-content\/uploads\/2024\/12\/W10.2-1024x1024.png 1024w, https:\/\/tubodadviaje.com\/wp-content\/uploads\/2024\/12\/W10.2-768x768.png 768w, https:\/\/tubodadviaje.com\/wp-content\/uploads\/2024\/12\/W10.2.png 1416w\" sizes=\"(max-width: 150px) 100vw, 150px\" \/><\/a>\n\t\t\t<\/div>\n\t\t\t\t<figcaption class='wp-caption-text gallery-caption' id='gallery-1-2452'>\n\t\t\t\tSTUDIO M\n\t\t\t\t<\/figcaption><\/figure>\n\t\t<\/div>\n\t\t<\/div>\n\t\t\t\t<\/div>\n\t\t\t\t<\/div>\n\t\t\t\t<div class=\"elementor-element elementor-element-aa082c8 elementor-widget elementor-widget-button\" data-id=\"aa082c8\" data-element_type=\"widget\" data-widget_type=\"button.default\">\n\t\t\t\t<div class=\"elementor-widget-container\">\n\t\t\t\t\t\t\t<div class=\"elementor-button-wrapper\">\n\t\t\t\t\t<a class=\"elementor-button elementor-button-link elementor-size-sm\" href=\"https:\/\/tubodadviaje.com\/wp-content\/uploads\/2025\/05\/FACTSHEET-BODAS-EXPERIENCIA-RUBI-2025.pdf\" data-no-translation=\"\" data-no-auto-translation=\"\">\n\t\t\t\t\t\t<span class=\"elementor-button-content-wrapper\">\n\t\t\t\t\t\t\t\t\t<span class=\"elementor-button-text\">M\u00e1s<\/span>\n\t\t\t\t\t<\/span>\n\t\t\t\t\t<\/a>\n\t\t\t\t<\/div>\n\t\t\t\t\t\t<\/div>\n\t\t\t\t<\/div>\n\t\t\t\t<\/div>\n\t\t\t\t<\/div>\n\t\t\t\t\t<\/div>\n\t\t\t\t<\/div>\n\t\t\t\t<\/div>","protected":false},"excerpt":{"rendered":"<p>Tesoro Celebra el d\u00eda m\u00e1s importante de tu vida frente al mar, rodeado del c\u00e1lido sol, la brisa del Pac\u00edfico y las impresionantes vistas de la Bah\u00eda El Palmar. En el Hotel Tesoro Ixtapa, cada detalle est\u00e1 pensado para que tu boda sea tan \u00fanica como tu historia de amor. Con paquetes personalizables y el [&hellip;]<\/p>","protected":false},"author":2,"featured_media":0,"parent":0,"menu_order":0,"comment_status":"closed","ping_status":"closed","template":"","meta":{"_uag_custom_page_level_css":"","site-sidebar-layout":"no-sidebar","site-content-layout":"page-builder","ast-site-content-layout":"full-width-container","site-content-style":"default","site-sidebar-style":"default","ast-global-header-display":"","ast-banner-title-visibility":"","ast-main-header-display":"","ast-hfb-above-header-display":"","ast-hfb-below-header-display":"","ast-hfb-mobile-header-display":"","site-post-title":"disabled","ast-breadcrumbs-content":"","ast-featured-img":"disabled","footer-sml-layout":"","theme-transparent-header-meta":"","adv-header-id-meta":"","stick-header-meta":"","header-above-stick-meta":"","header-main-stick-meta":"","header-below-stick-meta":"","astra-migrate-meta-layouts":"set","ast-page-background-enabled":"default","ast-page-background-meta":{"desktop":{"background-color":"var(--ast-global-color-4)","background-image":"","background-repeat":"repeat","background-position":"center center","background-size":"auto","background-attachment":"scroll","background-type":"","background-media":"","overlay-type":"","overlay-color":"","overlay-opacity":"","overlay-gradient":""},"tablet":{"background-color":"","background-image":"","background-repeat":"repeat","background-position":"center center","background-size":"auto","background-attachment":"scroll","background-type":"","background-media":"","overlay-type":"","overlay-color":"","overlay-opacity":"","overlay-gradient":""},"mobile":{"background-color":"","background-image":"","background-repeat":"repeat","background-position":"center center","background-size":"auto","background-attachment":"scroll","background-type":"","background-media":"","overlay-type":"","overlay-color":"","overlay-opacity":"","overlay-gradient":""}},"ast-content-background-meta":{"desktop":{"background-color":"var(--ast-global-color-5)","background-image":"","background-repeat":"repeat","background-position":"center center","background-size":"auto","background-attachment":"scroll","background-type":"","background-media":"","overlay-type":"","overlay-color":"","overlay-opacity":"","overlay-gradient":""},"tablet":{"background-color":"var(--ast-global-color-5)","background-image":"","background-repeat":"repeat","background-position":"center center","background-size":"auto","background-attachment":"scroll","background-type":"","background-media":"","overlay-type":"","overlay-color":"","overlay-opacity":"","overlay-gradient":""},"mobile":{"background-color":"var(--ast-global-color-5)","background-image":"","background-repeat":"repeat","background-position":"center center","background-size":"auto","background-attachment":"scroll","background-type":"","background-media":"","overlay-type":"","overlay-color":"","overlay-opacity":"","overlay-gradient":""}},"footnotes":""},"class_list":["post-3360","page","type-page","status-publish","hentry"],"uagb_featured_image_src":{"full":false,"thumbnail":false,"medium":false,"medium_large":false,"large":false,"1536x1536":false,"2048x2048":false,"trp-custom-language-flag":false},"uagb_author_info":{"display_name":"admin_dviaje","author_link":"https:\/\/tubodadviaje.com\/en\/author\/admin_dviaje\/"},"uagb_comment_info":0,"uagb_excerpt":"Tesoro Celebra el d\u00eda m\u00e1s importante de tu vida frente al mar, rodeado del c\u00e1lido sol, la brisa del Pac\u00edfico y las impresionantes vistas de la Bah\u00eda El Palmar. En el Hotel Tesoro Ixtapa, cada detalle est\u00e1 pensado para que tu boda sea tan \u00fanica como tu historia de amor. Con paquetes personalizables y el&hellip;","_links":{"self":[{"href":"https:\/\/tubodadviaje.com\/en\/wp-json\/wp\/v2\/pages\/3360","targetHints":{"allow":["GET"]}}],"collection":[{"href":"https:\/\/tubodadviaje.com\/en\/wp-json\/wp\/v2\/pages"}],"about":[{"href":"https:\/\/tubodadviaje.com\/en\/wp-json\/wp\/v2\/types\/page"}],"author":[{"embeddable":true,"href":"https:\/\/tubodadviaje.com\/en\/wp-json\/wp\/v2\/users\/2"}],"replies":[{"embeddable":true,"href":"https:\/\/tubodadviaje.com\/en\/wp-json\/wp\/v2\/comments?post=3360"}],"version-history":[{"count":7,"href":"https:\/\/tubodadviaje.com\/en\/wp-json\/wp\/v2\/pages\/3360\/revisions"}],"predecessor-version":[{"id":3371,"href":"https:\/\/tubodadviaje.com\/en\/wp-json\/wp\/v2\/pages\/3360\/revisions\/3371"}],"wp:attachment":[{"href":"https:\/\/tubodadviaje.com\/en\/wp-json\/wp\/v2\/media?parent=3360"}],"curies":[{"name":"wp","href":"https:\/\/api.w.org\/{rel}","templated":true}]}}